{"id":1647,"date":"2022-10-03T21:51:17","date_gmt":"2022-10-03T19:51:17","guid":{"rendered":"https:\/\/haeckl02.bn-paf.de\/?page_id=1647"},"modified":"2023-12-28T23:19:38","modified_gmt":"2023-12-28T22:19:38","slug":"willkommen","status":"publish","type":"page","link":"https:\/\/haeckl02.bn-paf.de\/index.php\/willkommen\/","title":{"rendered":"Startseite"},"content":{"rendered":"\n<p><\/p>\n\n\n\n<div class=\"wp-block-group is-layout-flow wp-block-group-is-layout-flow\"><div class=\"wp-block-group__inner-container\">\n<div class=\"wp-block-group is-layout-flow wp-block-group-is-layout-flow\"><div class=\"wp-block-group__inner-container\">\n<div class=\"wp-block-group is-layout-flow wp-block-group-is-layout-flow\"><div class=\"wp-block-group__inner-container\">\n<h3 class=\"wp-block-heading has-text-align-center\"><mark style=\"background-color:rgba(0, 0, 0, 0)\" class=\"has-inline-color has-accent-1-color\">Herzlich Willkommen auf meiner Website.<\/mark><\/h3>\n\n\n\n<div class=\"wp-block-group is-layout-flow wp-block-group-is-layout-flow\"><div class=\"wp-block-group__inner-container\">\n<div class=\"wp-block-group is-layout-flow wp-block-group-is-layout-flow\"><div class=\"wp-block-group__inner-container\">\n<div class=\"wp-block-group is-layout-flow wp-block-group-is-layout-flow\"><div class=\"wp-block-group__inner-container\">\n<p class=\"has-text-align-center\"><span style=\"background-color:rgba(0, 0, 0, 0)\" class=\"has-inline-color has-headings-color\">Mein Name ist Lisa <\/span>und ich lebe zusammen mit meinem Ehemann und meinen 2 wundervollen S\u00f6hnen in <span style=\"background-color:rgba(0, 0, 0, 0)\" class=\"has-inline-color has-headings-color\">Wolnzach im Herzen Bayerns. <\/span><\/p>\n\n\n\n<p class=\"has-text-align-center\"><span style=\"background-color:rgba(0, 0, 0, 0)\" class=\"has-inline-color has-headings-color\">Ich bin Fotografin f\u00fcr nat\u00fcrliche Neugeborenen-, Baby-, Schwangerschafts-, Paar- und Familienfotografie.<\/span><\/p>\n\n\n\n<p class=\"has-text-align-center\"><span style=\"background-color:rgba(0, 0, 0, 0)\" class=\"has-inline-color has-headings-color\">Menschen und deren Emotionen stehen bei meiner Familienfotografie im Mittelpunkt. Mit viel Gef\u00fchl und Freude an meiner Arbeit gehe ich auf eure W\u00fcnsche ein damit ihr euch bei mir wohl und geborgen f\u00fchlt. <\/span><\/p>\n\n\n\n<p class=\"has-text-align-center\"><span style=\"background-color:rgba(0, 0, 0, 0)\" class=\"has-inline-color has-headings-color\"> Alles rund um die Liebe und die Momente wenn die Kleinen noch so winzig sind, halte ich mit viel Leidenschaft und Geduld fotografisch f\u00fcr euch fest um liebevolle Erinnerungen zu schaffen. <\/span><\/p>\n<\/div><\/div>\n<\/div><\/div>\n<\/div><\/div>\n<\/div><\/div>\n<\/div><\/div>\n<\/div><\/div>\n\n\n\n<p class=\"has-text-align-center\"><span style=\"background-color:rgba(0, 0, 0, 0)\" class=\"has-inline-color has-headings-color\">Ein Fotoshooting ist eine Investition, die ihr niemals bereuen werdet, denn mit jedem vergangen Jahr gewinnt sie an Wert. Haltet die Augenblicke fest und blickt mit den Bildern in ein Fenster der wertvollen Erinnerungen.<\/span><\/p>\n\n\n\n<p class=\"has-text-align-center\"><span style=\"background-color:rgba(0, 0, 0, 0)\" class=\"has-inline-color has-headings-color\">Ich freue mich auf eure Anfrage.<\/span><\/p>\n\n\n\n<p><\/p>\n\n\n\n<p class=\"has-text-align-center\"><span style=\"background-color:rgba(0, 0, 0, 0)\" class=\"has-inline-color has-accent-1-color\">Eure Lisa    <\/span><\/p>\n\n\n\n<figure class=\"wp-block-gallery has-nested-images columns-2 is-cropped wp-block-gallery-7 is-layout-flex wp-block-gallery-is-layout-flex\">\n<figure class=\"wp-block-image size-full\"><img decoding=\"async\" loading=\"lazy\" width=\"2048\" height=\"1262\" data-id=\"1865\" src=\"https:\/\/haeckl02.bn-paf.de\/wp-content\/uploads\/2023\/12\/AT8A5400.jpg\" alt=\"\" class=\"wp-image-1865\" srcset=\"https:\/\/haeckl02.bn-paf.de\/wp-content\/uploads\/2023\/12\/AT8A5400.jpg 2048w, https:\/\/haeckl02.bn-paf.de\/wp-content\/uploads\/2023\/12\/AT8A5400-300x185.jpg 300w, https:\/\/haeckl02.bn-paf.de\/wp-content\/uploads\/2023\/12\/AT8A5400-1024x631.jpg 1024w, https:\/\/haeckl02.bn-paf.de\/wp-content\/uploads\/2023\/12\/AT8A5400-768x473.jpg 768w, https:\/\/haeckl02.bn-paf.de\/wp-content\/uploads\/2023\/12\/AT8A5400-1536x947.jpg 1536w, https:\/\/haeckl02.bn-paf.de\/wp-content\/uploads\/2023\/12\/AT8A5400-421x259.jpg 421w\" sizes=\"(max-width: 2048px) 100vw, 2048px\" \/><\/figure>\n\n\n\n<figure class=\"wp-block-image size-full\"><img decoding=\"async\" loading=\"lazy\" width=\"2048\" height=\"1365\" data-id=\"1866\" src=\"https:\/\/haeckl02.bn-paf.de\/wp-content\/uploads\/2023\/12\/AT8A5427.jpg\" alt=\"\" class=\"wp-image-1866\" srcset=\"https:\/\/haeckl02.bn-paf.de\/wp-content\/uploads\/2023\/12\/AT8A5427.jpg 2048w, https:\/\/haeckl02.bn-paf.de\/wp-content\/uploads\/2023\/12\/AT8A5427-300x200.jpg 300w, https:\/\/haeckl02.bn-paf.de\/wp-content\/uploads\/2023\/12\/AT8A5427-1024x683.jpg 1024w, https:\/\/haeckl02.bn-paf.de\/wp-content\/uploads\/2023\/12\/AT8A5427-768x512.jpg 768w, https:\/\/haeckl02.bn-paf.de\/wp-content\/uploads\/2023\/12\/AT8A5427-1536x1024.jpg 1536w, https:\/\/haeckl02.bn-paf.de\/wp-content\/uploads\/2023\/12\/AT8A5427-421x281.jpg 421w\" sizes=\"(max-width: 2048px) 100vw, 2048px\" \/><\/figure>\n\n\n\n<figure class=\"wp-block-image size-full\"><img decoding=\"async\" loading=\"lazy\" width=\"2048\" height=\"1373\" data-id=\"1823\" src=\"https:\/\/haeckl02.bn-paf.de\/wp-content\/uploads\/2023\/12\/AT8A0664.jpg\" alt=\"\" class=\"wp-image-1823\" srcset=\"https:\/\/haeckl02.bn-paf.de\/wp-content\/uploads\/2023\/12\/AT8A0664.jpg 2048w, https:\/\/haeckl02.bn-paf.de\/wp-content\/uploads\/2023\/12\/AT8A0664-300x201.jpg 300w, https:\/\/haeckl02.bn-paf.de\/wp-content\/uploads\/2023\/12\/AT8A0664-1024x687.jpg 1024w, https:\/\/haeckl02.bn-paf.de\/wp-content\/uploads\/2023\/12\/AT8A0664-768x515.jpg 768w, https:\/\/haeckl02.bn-paf.de\/wp-content\/uploads\/2023\/12\/AT8A0664-1536x1030.jpg 1536w, https:\/\/haeckl02.bn-paf.de\/wp-content\/uploads\/2023\/12\/AT8A0664-421x282.jpg 421w\" sizes=\"(max-width: 2048px) 100vw, 2048px\" \/><\/figure>\n\n\n\n<figure class=\"wp-block-image size-full\"><img decoding=\"async\" loading=\"lazy\" width=\"2048\" height=\"1453\" data-id=\"1922\" src=\"https:\/\/haeckl02.bn-paf.de\/wp-content\/uploads\/2023\/12\/AT8A4557-1.jpg\" alt=\"\" class=\"wp-image-1922\" srcset=\"https:\/\/haeckl02.bn-paf.de\/wp-content\/uploads\/2023\/12\/AT8A4557-1.jpg 2048w, https:\/\/haeckl02.bn-paf.de\/wp-content\/uploads\/2023\/12\/AT8A4557-1-300x213.jpg 300w, https:\/\/haeckl02.bn-paf.de\/wp-content\/uploads\/2023\/12\/AT8A4557-1-1024x727.jpg 1024w, https:\/\/haeckl02.bn-paf.de\/wp-content\/uploads\/2023\/12\/AT8A4557-1-768x545.jpg 768w, https:\/\/haeckl02.bn-paf.de\/wp-content\/uploads\/2023\/12\/AT8A4557-1-1536x1090.jpg 1536w, https:\/\/haeckl02.bn-paf.de\/wp-content\/uploads\/2023\/12\/AT8A4557-1-384x272.jpg 384w\" sizes=\"(max-width: 2048px) 100vw, 2048px\" \/><\/figure>\n\n\n\n<figure class=\"wp-block-image size-full\"><img decoding=\"async\" loading=\"lazy\" width=\"2048\" height=\"1280\" data-id=\"1932\" src=\"https:\/\/haeckl02.bn-paf.de\/wp-content\/uploads\/2023\/12\/AT8A7447.jpg\" alt=\"\" class=\"wp-image-1932\" srcset=\"https:\/\/haeckl02.bn-paf.de\/wp-content\/uploads\/2023\/12\/AT8A7447.jpg 2048w, https:\/\/haeckl02.bn-paf.de\/wp-content\/uploads\/2023\/12\/AT8A7447-300x188.jpg 300w, https:\/\/haeckl02.bn-paf.de\/wp-content\/uploads\/2023\/12\/AT8A7447-1024x640.jpg 1024w, https:\/\/haeckl02.bn-paf.de\/wp-content\/uploads\/2023\/12\/AT8A7447-768x480.jpg 768w, https:\/\/haeckl02.bn-paf.de\/wp-content\/uploads\/2023\/12\/AT8A7447-1536x960.jpg 1536w, https:\/\/haeckl02.bn-paf.de\/wp-content\/uploads\/2023\/12\/AT8A7447-384x240.jpg 384w\" sizes=\"(max-width: 2048px) 100vw, 2048px\" \/><\/figure>\n\n\n\n<figure class=\"wp-block-image size-full\"><img decoding=\"async\" loading=\"lazy\" width=\"2048\" height=\"1280\" data-id=\"1929\" src=\"https:\/\/haeckl02.bn-paf.de\/wp-content\/uploads\/2023\/12\/AT8A7518-2.jpg\" alt=\"\" class=\"wp-image-1929\" srcset=\"https:\/\/haeckl02.bn-paf.de\/wp-content\/uploads\/2023\/12\/AT8A7518-2.jpg 2048w, https:\/\/haeckl02.bn-paf.de\/wp-content\/uploads\/2023\/12\/AT8A7518-2-300x188.jpg 300w, https:\/\/haeckl02.bn-paf.de\/wp-content\/uploads\/2023\/12\/AT8A7518-2-1024x640.jpg 1024w, https:\/\/haeckl02.bn-paf.de\/wp-content\/uploads\/2023\/12\/AT8A7518-2-768x480.jpg 768w, https:\/\/haeckl02.bn-paf.de\/wp-content\/uploads\/2023\/12\/AT8A7518-2-1536x960.jpg 1536w, https:\/\/haeckl02.bn-paf.de\/wp-content\/uploads\/2023\/12\/AT8A7518-2-384x240.jpg 384w\" sizes=\"(max-width: 2048px) 100vw, 2048px\" \/><\/figure>\n\n\n\n<figure class=\"wp-block-image size-full\"><img decoding=\"async\" loading=\"lazy\" width=\"2048\" height=\"1369\" data-id=\"1920\" src=\"https:\/\/haeckl02.bn-paf.de\/wp-content\/uploads\/2023\/12\/AT8A4434-1.jpg\" alt=\"\" class=\"wp-image-1920\" srcset=\"https:\/\/haeckl02.bn-paf.de\/wp-content\/uploads\/2023\/12\/AT8A4434-1.jpg 2048w, https:\/\/haeckl02.bn-paf.de\/wp-content\/uploads\/2023\/12\/AT8A4434-1-300x201.jpg 300w, https:\/\/haeckl02.bn-paf.de\/wp-content\/uploads\/2023\/12\/AT8A4434-1-1024x685.jpg 1024w, https:\/\/haeckl02.bn-paf.de\/wp-content\/uploads\/2023\/12\/AT8A4434-1-768x513.jpg 768w, https:\/\/haeckl02.bn-paf.de\/wp-content\/uploads\/2023\/12\/AT8A4434-1-1536x1027.jpg 1536w, https:\/\/haeckl02.bn-paf.de\/wp-content\/uploads\/2023\/12\/AT8A4434-1-384x257.jpg 384w\" sizes=\"(max-width: 2048px) 100vw, 2048px\" \/><\/figure>\n\n\n\n<figure class=\"wp-block-image size-full\"><img decoding=\"async\" loading=\"lazy\" width=\"2048\" height=\"1365\" data-id=\"1819\" src=\"https:\/\/haeckl02.bn-paf.de\/wp-content\/uploads\/2023\/12\/AT8A4643.jpg\" alt=\"\" class=\"wp-image-1819\" srcset=\"https:\/\/haeckl02.bn-paf.de\/wp-content\/uploads\/2023\/12\/AT8A4643.jpg 2048w, https:\/\/haeckl02.bn-paf.de\/wp-content\/uploads\/2023\/12\/AT8A4643-300x200.jpg 300w, https:\/\/haeckl02.bn-paf.de\/wp-content\/uploads\/2023\/12\/AT8A4643-1024x683.jpg 1024w, https:\/\/haeckl02.bn-paf.de\/wp-content\/uploads\/2023\/12\/AT8A4643-768x512.jpg 768w, https:\/\/haeckl02.bn-paf.de\/wp-content\/uploads\/2023\/12\/AT8A4643-1536x1024.jpg 1536w, https:\/\/haeckl02.bn-paf.de\/wp-content\/uploads\/2023\/12\/AT8A4643-421x281.jpg 421w\" sizes=\"(max-width: 2048px) 100vw, 2048px\" \/><\/figure>\n\n\n\n<figure class=\"wp-block-image size-full\"><img decoding=\"async\" loading=\"lazy\" width=\"2048\" height=\"1280\" data-id=\"1930\" src=\"https:\/\/haeckl02.bn-paf.de\/wp-content\/uploads\/2023\/12\/AT8A7516-2.jpg\" alt=\"\" class=\"wp-image-1930\" srcset=\"https:\/\/haeckl02.bn-paf.de\/wp-content\/uploads\/2023\/12\/AT8A7516-2.jpg 2048w, https:\/\/haeckl02.bn-paf.de\/wp-content\/uploads\/2023\/12\/AT8A7516-2-300x188.jpg 300w, https:\/\/haeckl02.bn-paf.de\/wp-content\/uploads\/2023\/12\/AT8A7516-2-1024x640.jpg 1024w, https:\/\/haeckl02.bn-paf.de\/wp-content\/uploads\/2023\/12\/AT8A7516-2-768x480.jpg 768w, https:\/\/haeckl02.bn-paf.de\/wp-content\/uploads\/2023\/12\/AT8A7516-2-1536x960.jpg 1536w, https:\/\/haeckl02.bn-paf.de\/wp-content\/uploads\/2023\/12\/AT8A7516-2-384x240.jpg 384w\" sizes=\"(max-width: 2048px) 100vw, 2048px\" \/><\/figure>\n\n\n\n<figure class=\"wp-block-image size-full\"><img decoding=\"async\" loading=\"lazy\" width=\"2048\" height=\"1280\" data-id=\"1933\" src=\"https:\/\/haeckl02.bn-paf.de\/wp-content\/uploads\/2023\/12\/AT8A7442.jpg\" alt=\"\" class=\"wp-image-1933\" srcset=\"https:\/\/haeckl02.bn-paf.de\/wp-content\/uploads\/2023\/12\/AT8A7442.jpg 2048w, https:\/\/haeckl02.bn-paf.de\/wp-content\/uploads\/2023\/12\/AT8A7442-300x188.jpg 300w, https:\/\/haeckl02.bn-paf.de\/wp-content\/uploads\/2023\/12\/AT8A7442-1024x640.jpg 1024w, https:\/\/haeckl02.bn-paf.de\/wp-content\/uploads\/2023\/12\/AT8A7442-768x480.jpg 768w, https:\/\/haeckl02.bn-paf.de\/wp-content\/uploads\/2023\/12\/AT8A7442-1536x960.jpg 1536w, https:\/\/haeckl02.bn-paf.de\/wp-content\/uploads\/2023\/12\/AT8A7442-384x240.jpg 384w\" sizes=\"(max-width: 2048px) 100vw, 2048px\" \/><\/figure>\n<\/figure>\n","protected":false},"excerpt":{"rendered":"<p>Herzlich Willkommen auf meiner Website. Mein Name ist Lisa und ich lebe zusammen mit meinem Ehemann und meinen 2 wundervollen S\u00f6hnen in Wolnzach im Herzen &hellip;<\/p>\n","protected":false},"author":1,"featured_media":0,"parent":0,"menu_order":0,"comment_status":"closed","ping_status":"closed","template":"","meta":{"advgb_blocks_editor_width":"","advgb_blocks_columns_visual_guide":"enable","footnotes":""},"aioseo_notices":[],"coauthors":[],"author_meta":{"author_link":"https:\/\/haeckl02.bn-paf.de\/index.php\/author\/haecklwp\/","display_name":"admin"},"relative_dates":{"created":"Posted 2 Jahren ago","modified":"Updated 9 Monaten ago"},"absolute_dates":{"created":"Posted on 3. Oktober 2022","modified":"Updated on 28. Dezember 2023"},"absolute_dates_time":{"created":"Posted on 3. Oktober 2022 21:51","modified":"Updated on 28. Dezember 2023 23:19"},"featured_img_caption":"","featured_img":false,"series_order":"","_links":{"self":[{"href":"https:\/\/haeckl02.bn-paf.de\/index.php\/wp-json\/wp\/v2\/pages\/1647"}],"collection":[{"href":"https:\/\/haeckl02.bn-paf.de\/index.php\/wp-json\/wp\/v2\/pages"}],"about":[{"href":"https:\/\/haeckl02.bn-paf.de\/index.php\/wp-json\/wp\/v2\/types\/page"}],"author":[{"embeddable":true,"href":"https:\/\/haeckl02.bn-paf.de\/index.php\/wp-json\/wp\/v2\/users\/1"}],"replies":[{"embeddable":true,"href":"https:\/\/haeckl02.bn-paf.de\/index.php\/wp-json\/wp\/v2\/comments?post=1647"}],"version-history":[{"count":24,"href":"https:\/\/haeckl02.bn-paf.de\/index.php\/wp-json\/wp\/v2\/pages\/1647\/revisions"}],"predecessor-version":[{"id":1937,"href":"https:\/\/haeckl02.bn-paf.de\/index.php\/wp-json\/wp\/v2\/pages\/1647\/revisions\/1937"}],"wp:attachment":[{"href":"https:\/\/haeckl02.bn-paf.de\/index.php\/wp-json\/wp\/v2\/media?parent=1647"}],"curies":[{"name":"wp","href":"https:\/\/api.w.org\/{rel}","templated":true}]}}